{"id":29422,"date":"2020-02-25T14:35:43","date_gmt":"2020-02-25T13:35:43","guid":{"rendered":"https:\/\/camoz-cottarel-gachetperrin-chambery.notaires.fr\/en\/?page_id=29422"},"modified":"2026-04-08T08:09:49","modified_gmt":"2026-04-08T06:09:49","slug":"business","status":"publish","type":"page","link":"https:\/\/camoz-cottarel-gachetperrin-chambery.notaires.fr\/en\/business\/","title":{"rendered":"Business"},"content":{"rendered":"<p>[et_pb_section fb_built=&#8221;1&#8243; admin_label=&#8221;Hero section&#8221; _builder_version=&#8221;4.16&#8243; use_background_color_gradient=&#8221;on&#8221; background_color_gradient_stops=&#8221;rgba(150,105,97,0.33) 0%|rgba(15,0,0,0.39) 100%&#8221; background_color_gradient_overlays_image=&#8221;on&#8221; background_color_gradient_start=&#8221;rgba(150,105,97,0.33)&#8221; background_color_gradient_end=&#8221;rgba(15,0,0,0.39)&#8221; background_image=&#8221;https:\/\/camoz-cottarel-gachetperrin-chambery.notaires.fr\/en\/wp-content\/uploads\/2020\/12\/business-services-notaires-office.jpg&#8221; custom_margin=&#8221;|||&#8221; custom_padding=&#8221;||||false|false&#8221; global_colors_info=&#8221;{}&#8221;][et_pb_row _builder_version=&#8221;4.16&#8243; max_width=&#8221;1440px&#8221; custom_margin=&#8221;15px||||false|false&#8221; custom_padding=&#8221;15px||||false|false&#8221; global_colors_info=&#8221;{}&#8221;][et_pb_column type=&#8221;4_4&#8243; admin_label=&#8221;Colonne de gauche&#8221; _builder_version=&#8221;4.16&#8243; custom_padding=&#8221;25px||25px||false|false&#8221; border_radii=&#8221;off||6px|6px|&#8221; global_colors_info=&#8221;{}&#8221; custom_padding__hover=&#8221;|||&#8221;][et_pb_text _builder_version=&#8221;4.27.5&#8243; text_font=&#8221;|600|||||||&#8221; text_text_color=&#8221;#ffffff&#8221; text_font_size=&#8221;16px&#8221; header_font=&#8221;|600||on|||||&#8221; header_text_color=&#8221;#ffffff&#8221; header_font_size=&#8221;40px&#8221; header_letter_spacing=&#8221;1px&#8221; header_line_height=&#8221;1.2em&#8221; header_2_font=&#8221;Open Sans||||||||&#8221; header_2_text_align=&#8221;center&#8221; header_2_text_color=&#8221;#ffffff&#8221; header_2_font_size=&#8221;24px&#8221; text_orientation=&#8221;center&#8221; module_alignment=&#8221;center&#8221; custom_margin=&#8221;||||false|false&#8221; custom_padding=&#8221;||||false|false&#8221; global_colors_info=&#8221;{}&#8221;]<\/p>\n<h1>Business Services<\/h1>\n<h2>Assisting you with your development<\/h2>\n<p>[\/et_pb_text][\/et_pb_column][\/et_pb_row][\/et_pb_section][et_pb_section fb_built=&#8221;1&#8243; module_id=&#8221;installation&#8221; _builder_version=&#8221;4.16&#8243; custom_padding=&#8221;54px|0px|100px|0px&#8221; global_colors_info=&#8221;{}&#8221;][et_pb_row column_structure=&#8221;1_4,3_4&#8243; use_custom_gutter=&#8221;on&#8221; gutter_width=&#8221;1&#8243; make_equal=&#8221;on&#8221; _builder_version=&#8221;4.16&#8243; custom_margin=&#8221;0px||||false|false&#8221; custom_padding=&#8221;0px||||false|false&#8221; global_colors_info=&#8221;{}&#8221; disabled_on=&#8221;on|on|on&#8221; disabled=&#8221;on&#8221;][et_pb_column type=&#8221;1_4&#8243; _builder_version=&#8221;4.16&#8243; custom_css_main_element=&#8221;margin:auto;&#8221; global_colors_info=&#8221;{}&#8221;][et_pb_image src=&#8221;https:\/\/camoz-cottarel-gachetperrin-chambery.notaires.fr\/en\/wp-content\/uploads\/2022\/09\/logo-notaires-conseil-entreprise.png&#8221; alt=&#8221;Logo Notaires Conseil Entreprise&#8221; title_text=&#8221;Logo Notaires Conseil Entreprise&#8221; align_tablet=&#8221;center&#8221; align_phone=&#8221;center&#8221; align_last_edited=&#8221;on|tablet&#8221; _builder_version=&#8221;4.18.0&#8243; global_colors_info=&#8221;{}&#8221;][\/et_pb_image][\/et_pb_column][et_pb_column type=&#8221;3_4&#8243; _builder_version=&#8221;4.16&#8243; custom_css_main_element=&#8221;margin:auto;&#8221; global_colors_info=&#8221;{}&#8221;][et_pb_text ul_type=&#8221;circle&#8221; ul_item_indent=&#8221;40px&#8221; _builder_version=&#8221;4.27.5&#8243; text_font=&#8221;||on||||||&#8221; ul_font=&#8221;||||||||&#8221; ul_text_align=&#8221;left&#8221; ol_font=&#8221;||||||||&#8221; header_4_font=&#8221;Lato|600|||||||&#8221; custom_margin=&#8221;||||false|false&#8221; custom_padding=&#8221;||||false|false&#8221; text_orientation_tablet=&#8221;left&#8221; text_orientation_phone=&#8221;center&#8221; text_orientation_last_edited=&#8221;on|tablet&#8221; global_colors_info=&#8221;{}&#8221;]Do you have a project for a business? Do you need to establish a new strategy, support a transformation, or prepare a transfer of ownership? We can support you and find the best solutions and partners for your project.[\/et_pb_text][\/et_pb_column][\/et_pb_row][et_pb_row use_custom_gutter=&#8221;on&#8221; gutter_width=&#8221;1&#8243; _builder_version=&#8221;4.16&#8243; custom_margin=&#8221;||0px||false|false&#8221; custom_padding=&#8221;||0px||false|false&#8221; global_colors_info=&#8221;{}&#8221;][et_pb_column type=&#8221;4_4&#8243; _builder_version=&#8221;4.16&#8243; global_colors_info=&#8221;{}&#8221;][et_pb_text _builder_version=&#8221;4.27.5&#8243; text_font=&#8221;Lato||||||||&#8221; text_text_color=&#8221;rgba(255,255,255,0.7)&#8221; text_font_size=&#8221;15px&#8221; link_font=&#8221;||||||||&#8221; link_text_color=&#8221;#ffffff&#8221; header_font=&#8221;||||||||&#8221; header_2_font=&#8221;|600||on|||||&#8221; header_2_text_align=&#8221;center&#8221; header_2_font_size=&#8221;36px&#8221; header_3_font=&#8221;||on|on|||||&#8221; header_3_text_align=&#8221;center&#8221; header_3_font_size=&#8221;23px&#8221; background_color=&#8221;#b60039&#8243; background_layout=&#8221;dark&#8221; custom_margin=&#8221;||30px||false|false&#8221; custom_margin_tablet=&#8221;40px|||&#8221; custom_margin_last_edited=&#8221;off|desktop&#8221; custom_padding=&#8221;25px|25px|25px|25px|false|false&#8221; custom_padding_tablet=&#8221;&#8221; custom_padding_phone=&#8221;&#8221; custom_padding_last_edited=&#8221;on|desktop&#8221; border_color_all=&#8221;#fa7f28&#8243; border_color_top=&#8221;#F9C546&#8243; locked=&#8221;off&#8221; global_colors_info=&#8221;{}&#8221;]<\/p>\n<h2>Business owners<\/h2>\n<h3>Small\/very small businesses (tpe\/pme), retailers, craftsmen<\/h3>\n<p>[\/et_pb_text][\/et_pb_column][\/et_pb_row][et_pb_row column_structure=&#8221;1_2,1_2&#8243; use_custom_gutter=&#8221;on&#8221; gutter_width=&#8221;1&#8243; _builder_version=&#8221;4.16&#8243; custom_margin=&#8221;0px||||false|false&#8221; custom_padding=&#8221;0px||||false|false&#8221; global_colors_info=&#8221;{}&#8221;][et_pb_column type=&#8221;1_2&#8243; _builder_version=&#8221;4.16&#8243; global_colors_info=&#8221;{}&#8221;][et_pb_text ul_type=&#8221;circle&#8221; ul_item_indent=&#8221;40px&#8221; _builder_version=&#8221;4.27.5&#8243; ul_font=&#8221;||||||||&#8221; ul_text_align=&#8221;left&#8221; ol_font=&#8221;||||||||&#8221; header_4_font=&#8221;|600|||||||&#8221; header_4_font_size=&#8221;17px&#8221; custom_padding=&#8221;50px|10px|||false|false&#8221; global_colors_info=&#8221;{}&#8221;]<\/p>\n<h4>QUESTIONS YOU MAY HAVE:<\/h4>\n<ul>\n<li>I am starting my own business: how can I anticipate the consequences for my pension, my health, my family and my personal assets?<\/li>\n<li>I am about to sign a commercial lease: how can I understand all the issues involved?<\/li>\n<li>I am anticipating a separation from my spouse: what would the consequences be for my business?<\/li>\n<li>How can I pass on or sell my business while ensuring its long-term future?<\/li>\n<\/ul>\n<p>&nbsp;<\/p>\n<h4>NOTAIRES OFFICE CAN HELP YOU BY:<\/h4>\n<ul>\n<li>Providing a professional\/personal assessment<\/li>\n<li>Drawing up a business transfer plan<\/li>\n<li>Drawing up a plan for the transfer of ownership<\/li>\n<\/ul>\n<p>[\/et_pb_text][\/et_pb_column][et_pb_column type=&#8221;1_2&#8243; _builder_version=&#8221;4.16&#8243; global_colors_info=&#8221;{}&#8221;][et_pb_image src=&#8221;https:\/\/camoz-cottarel-gachetperrin-chambery.notaires.fr\/en\/wp-content\/uploads\/2022\/09\/company-divorce-notaires-office.jpg&#8221; alt=&#8221;Company Divorce Craftsman Merchant Notaires Office&#8221; title_text=&#8221;Company Divorce Craftsman Merchant Notaires Office&#8221; align=&#8221;right&#8221; align_tablet=&#8221;center&#8221; align_phone=&#8221;center&#8221; align_last_edited=&#8221;on|tablet&#8221; _builder_version=&#8221;4.27.5&#8243; global_colors_info=&#8221;{}&#8221;][\/et_pb_image][\/et_pb_column][\/et_pb_row][\/et_pb_section][et_pb_section fb_built=&#8221;1&#8243; disabled_on=&#8221;on|on|on&#8221; module_id=&#8221;conjoint&#8221; _builder_version=&#8221;4.16&#8243; custom_padding=&#8221;0px|0px|100px|0px|false|false&#8221; disabled=&#8221;on&#8221; global_colors_info=&#8221;{}&#8221;][et_pb_row use_custom_gutter=&#8221;on&#8221; gutter_width=&#8221;1&#8243; _builder_version=&#8221;4.16&#8243; custom_margin=&#8221;||0px||false|false&#8221; custom_padding=&#8221;||0px||false|false&#8221; global_colors_info=&#8221;{}&#8221;][et_pb_column type=&#8221;4_4&#8243; _builder_version=&#8221;4.16&#8243; global_colors_info=&#8221;{}&#8221;][et_pb_text _builder_version=&#8221;4.18.0&#8243; text_font=&#8221;Lato||||||||&#8221; text_text_color=&#8221;rgba(255,255,255,0.7)&#8221; text_font_size=&#8221;15px&#8221; link_font=&#8221;||||||||&#8221; link_text_color=&#8221;#ffffff&#8221; header_font=&#8221;||||||||&#8221; header_2_font=&#8221;|600||on|||||&#8221; header_2_text_align=&#8221;center&#8221; header_2_font_size=&#8221;36px&#8221; header_3_font=&#8221;||on|on|||||&#8221; header_3_text_align=&#8221;center&#8221; header_3_font_size=&#8221;23px&#8221; background_color=&#8221;#b60039&#8243; background_layout=&#8221;dark&#8221; custom_margin=&#8221;||30px||false|false&#8221; custom_margin_tablet=&#8221;40px|||&#8221; custom_margin_last_edited=&#8221;off|desktop&#8221; custom_padding=&#8221;25px|25px|25px|25px|false|false&#8221; custom_padding_tablet=&#8221;&#8221; custom_padding_phone=&#8221;&#8221; custom_padding_last_edited=&#8221;on|desktop&#8221; border_color_all=&#8221;#fa7f28&#8243; border_color_top=&#8221;#F9C546&#8243; locked=&#8221;off&#8221; global_colors_info=&#8221;{}&#8221;]<\/p>\n<h2>Le droit des entreprises d\u00e9crypt\u00e9<\/h2>\n<h3>Des actualit\u00e9s r\u00e9guli\u00e8res sur des sujets du quotidien<\/h3>\n<p>[\/et_pb_text][\/et_pb_column][\/et_pb_row][et_pb_row make_equal=&#8221;on&#8221; _builder_version=&#8221;4.17.3&#8243; custom_margin=&#8221;0px||||false|false&#8221; custom_padding=&#8221;0px||||false|false&#8221; global_colors_info=&#8221;{}&#8221;][et_pb_column type=&#8221;4_4&#8243; _builder_version=&#8221;4.16&#8243; global_colors_info=&#8221;{}&#8221;][et_pb_blog fullwidth=&#8221;off&#8221; posts_number=&#8221;3&#8243; include_categories=&#8221;17&#8243; show_author=&#8221;off&#8221; show_date=&#8221;off&#8221; show_categories=&#8221;off&#8221; show_pagination=&#8221;off&#8221; use_overlay=&#8221;on&#8221; overlay_icon_color=&#8221;#CBB178&#8243; _builder_version=&#8221;4.18.0&#8243; _module_preset=&#8221;default&#8221; custom_margin=&#8221;||||false|false&#8221; custom_padding=&#8221;||||false|false&#8221; global_colors_info=&#8221;{}&#8221;][\/et_pb_blog][\/et_pb_column][\/et_pb_row][\/et_pb_section]<\/p>\n","protected":false},"excerpt":{"rendered":"<p>Business Services Assisting you with your developmentDo you have a project for a business? Do you need to establish a new strategy, support a transformation, or prepare a transfer of ownership? We can support you and find the best solutions and partners for your project.Business owners Small\/very small businesses (tpe\/pme), retailers, craftsmenQUESTIONS YOU MAY HAVE: [&hellip;]<\/p>\n","protected":false},"author":2,"featured_media":0,"parent":0,"menu_order":0,"comment_status":"closed","ping_status":"closed","template":"","meta":{"_acf_changed":false,"_et_pb_use_builder":"on","_et_pb_old_content":"","_et_gb_content_width":"","footnotes":""},"class_list":["post-29422","page","type-page","status-publish","hentry"],"acf":[],"_links":{"self":[{"href":"https:\/\/camoz-cottarel-gachetperrin-chambery.notaires.fr\/en\/wp-json\/wp\/v2\/pages\/29422","targetHints":{"allow":["GET"]}}],"collection":[{"href":"https:\/\/camoz-cottarel-gachetperrin-chambery.notaires.fr\/en\/wp-json\/wp\/v2\/pages"}],"about":[{"href":"https:\/\/camoz-cottarel-gachetperrin-chambery.notaires.fr\/en\/wp-json\/wp\/v2\/types\/page"}],"author":[{"embeddable":true,"href":"https:\/\/camoz-cottarel-gachetperrin-chambery.notaires.fr\/en\/wp-json\/wp\/v2\/users\/2"}],"replies":[{"embeddable":true,"href":"https:\/\/camoz-cottarel-gachetperrin-chambery.notaires.fr\/en\/wp-json\/wp\/v2\/comments?post=29422"}],"version-history":[{"count":0,"href":"https:\/\/camoz-cottarel-gachetperrin-chambery.notaires.fr\/en\/wp-json\/wp\/v2\/pages\/29422\/revisions"}],"wp:attachment":[{"href":"https:\/\/camoz-cottarel-gachetperrin-chambery.notaires.fr\/en\/wp-json\/wp\/v2\/media?parent=29422"}],"curies":[{"name":"wp","href":"https:\/\/api.w.org\/{rel}","templated":true}]}}