{"id":29432,"date":"2020-02-25T14:58:42","date_gmt":"2020-02-25T13:58:42","guid":{"rendered":"https:\/\/camoz-cottarel-gachetperrin-chambery.notaires.fr\/en\/?page_id=29432"},"modified":"2026-02-25T15:26:31","modified_gmt":"2026-02-25T14:26:31","slug":"assets","status":"publish","type":"page","link":"https:\/\/camoz-cottarel-gachetperrin-chambery.notaires.fr\/en\/assets\/","title":{"rendered":"Assets"},"content":{"rendered":"<p>[et_pb_section fb_built=&#8221;1&#8243; admin_label=&#8221;Hero section&#8221; _builder_version=&#8221;4.16&#8243; use_background_color_gradient=&#8221;on&#8221; background_color_gradient_stops=&#8221;rgba(150,105,97,0.33) 0%|rgba(15,0,0,0.39) 100%&#8221; background_color_gradient_overlays_image=&#8221;on&#8221; background_color_gradient_start=&#8221;rgba(150,105,97,0.33)&#8221; background_color_gradient_end=&#8221;rgba(15,0,0,0.39)&#8221; background_image=&#8221;https:\/\/camoz-cottarel-gachetperrin-chambery.notaires.fr\/en\/wp-content\/uploads\/2020\/12\/wealth-management-services-notaires-office.jpg&#8221; custom_margin=&#8221;|||&#8221; custom_padding=&#8221;||||false|false&#8221; global_colors_info=&#8221;{}&#8221;][et_pb_row _builder_version=&#8221;4.16&#8243; max_width=&#8221;1440px&#8221; custom_margin=&#8221;15px||||false|false&#8221; custom_padding=&#8221;15px||||false|false&#8221; global_colors_info=&#8221;{}&#8221;][et_pb_column type=&#8221;4_4&#8243; admin_label=&#8221;Colonne de gauche&#8221; _builder_version=&#8221;4.16&#8243; custom_padding=&#8221;25px||25px||false|false&#8221; border_radii=&#8221;off||6px|6px|&#8221; global_colors_info=&#8221;{}&#8221; custom_padding__hover=&#8221;|||&#8221;][et_pb_text _builder_version=&#8221;4.27.5&#8243; text_font=&#8221;|600|||||||&#8221; text_text_color=&#8221;#ffffff&#8221; text_font_size=&#8221;16px&#8221; header_font=&#8221;|600||on|||||&#8221; header_text_color=&#8221;#ffffff&#8221; header_font_size=&#8221;40px&#8221; header_letter_spacing=&#8221;1px&#8221; header_line_height=&#8221;1.2em&#8221; header_2_font=&#8221;Open Sans||||||||&#8221; header_2_text_align=&#8221;center&#8221; header_2_text_color=&#8221;#ffffff&#8221; header_2_font_size=&#8221;24px&#8221; text_orientation=&#8221;center&#8221; module_alignment=&#8221;center&#8221; custom_margin=&#8221;||||false|false&#8221; custom_padding=&#8221;||||false|false&#8221; global_colors_info=&#8221;{}&#8221;]<\/p>\n<h1>Asset Management<\/h1>\n<h2>We help you protect and grow your assets<\/h2>\n<p>[\/et_pb_text][\/et_pb_column][\/et_pb_row][\/et_pb_section][et_pb_section fb_built=&#8221;1&#8243; module_id=&#8221;patrimoine&#8221; _builder_version=&#8221;4.16&#8243; custom_padding=&#8221;54px|0px|5px|0px||&#8221; global_colors_info=&#8221;{}&#8221;][et_pb_row column_structure=&#8221;2_5,3_5&#8243; make_equal=&#8221;on&#8221; _builder_version=&#8221;4.9.11&#8243; module_alignment=&#8221;center&#8221; custom_margin=&#8221;0px||||false|false&#8221; custom_padding=&#8221;0px||||false|false&#8221; global_module=&#8221;33463&#8243; saved_tabs=&#8221;all&#8221; global_colors_info=&#8221;{}&#8221;][et_pb_column type=&#8221;2_5&#8243; _builder_version=&#8221;4.16&#8243; custom_css_main_element=&#8221;margin:auto;&#8221; global_colors_info=&#8221;{}&#8221;][et_pb_image src=&#8221;https:\/\/camoz-cottarel-gachetperrin-chambery.notaires.fr\/en\/wp-content\/uploads\/2022\/09\/logo-notaires-coeur-famille.svg&#8221; alt=&#8221;Logo Notaires C\u0153ur Famille&#8221; title_text=&#8221;Logo Notaires C\u0153ur Famille&#8221; align=&#8221;right&#8221; align_tablet=&#8221;center&#8221; align_phone=&#8221;&#8221; align_last_edited=&#8221;on|tablet&#8221; _builder_version=&#8221;4.18.0&#8243; max_width=&#8221;60%&#8221; custom_margin=&#8221;6px||||false|false&#8221; custom_padding=&#8221;||0px|||&#8221; global_colors_info=&#8221;{}&#8221;][\/et_pb_image][\/et_pb_column][et_pb_column type=&#8221;3_5&#8243; _builder_version=&#8221;4.16&#8243; custom_css_main_element=&#8221;margin:auto;&#8221; global_colors_info=&#8221;{}&#8221;][et_pb_text ul_type=&#8221;circle&#8221; ul_item_indent=&#8221;40px&#8221; content_phone=&#8221;<i>Nous sommes labellis\u00e9s Notaires Conseils aux Familles et nous sommes membre du r\u00e9seau Notaires au c\u0153ur des Familles.<\/i>&#8221; content_last_edited=&#8221;off|tablet&#8221; _builder_version=&#8221;4.27.5&#8243; ul_font=&#8221;||||||||&#8221; ul_text_align=&#8221;left&#8221; ol_font=&#8221;||||||||&#8221; header_4_font=&#8221;Lato|600|||||||&#8221; custom_margin=&#8221;||||false|false&#8221; custom_padding=&#8221;||||false|false&#8221; text_orientation_tablet=&#8221;&#8221; text_orientation_phone=&#8221;center&#8221; text_orientation_last_edited=&#8221;on|phone&#8221; global_colors_info=&#8221;{}&#8221;]<\/p>\n<p><i>Our notaries public are certified to provide family advisory services (&#8220;NCF&#8221; certification) and are members of the &#8220;Notaires au C\u0153ur des Familles&#8221; network.<br \/>\n<\/i><\/p>\n<p>[\/et_pb_text][\/et_pb_column][\/et_pb_row][et_pb_row use_custom_gutter=&#8221;on&#8221; gutter_width=&#8221;1&#8243; _builder_version=&#8221;4.16&#8243; custom_margin=&#8221;||0px||false|false&#8221; custom_padding=&#8221;||0px||false|false&#8221; global_colors_info=&#8221;{}&#8221;][et_pb_column type=&#8221;4_4&#8243; _builder_version=&#8221;4.16&#8243; global_colors_info=&#8221;{}&#8221;][et_pb_text _builder_version=&#8221;4.27.5&#8243; text_font=&#8221;Lato||||||||&#8221; text_text_color=&#8221;rgba(255,255,255,0.7)&#8221; text_font_size=&#8221;15px&#8221; link_font=&#8221;||||||||&#8221; link_text_color=&#8221;#ffffff&#8221; header_font=&#8221;||||||||&#8221; header_2_font=&#8221;|600||on|||||&#8221; header_2_text_align=&#8221;center&#8221; header_2_font_size=&#8221;36px&#8221; header_3_font=&#8221;||on|on|||||&#8221; header_3_text_align=&#8221;center&#8221; header_3_font_size=&#8221;23px&#8221; background_color=&#8221;#b6153c&#8221; background_layout=&#8221;dark&#8221; custom_margin=&#8221;||30px||false|false&#8221; custom_margin_tablet=&#8221;40px|||&#8221; custom_margin_last_edited=&#8221;off|desktop&#8221; custom_padding=&#8221;25px|25px|25px|25px|false|false&#8221; custom_padding_tablet=&#8221;&#8221; custom_padding_phone=&#8221;&#8221; custom_padding_last_edited=&#8221;on|desktop&#8221; border_color_all=&#8221;#fa7f28&#8243; border_color_top=&#8221;#F9C546&#8243; locked=&#8221;off&#8221; global_colors_info=&#8221;{}&#8221;]<\/p>\n<h2>YOU HAVE ASSETS <\/h2>\n<h3>AND WANT TO OPTIMISE THEM OR PASS THEM ON?<\/h3>\n<p>[\/et_pb_text][\/et_pb_column][\/et_pb_row][et_pb_row column_structure=&#8221;1_2,1_2&#8243; use_custom_gutter=&#8221;on&#8221; gutter_width=&#8221;1&#8243; _builder_version=&#8221;4.16&#8243; custom_margin=&#8221;0px||||false|false&#8221; custom_padding=&#8221;0px||||false|false&#8221; global_colors_info=&#8221;{}&#8221;][et_pb_column type=&#8221;1_2&#8243; _builder_version=&#8221;4.16&#8243; global_colors_info=&#8221;{}&#8221;][et_pb_text ul_type=&#8221;circle&#8221; ul_item_indent=&#8221;40px&#8221; _builder_version=&#8221;4.27.5&#8243; ul_font=&#8221;||||||||&#8221; ul_text_align=&#8221;left&#8221; ol_font=&#8221;||||||||&#8221; header_4_font=&#8221;|600|||||||&#8221; header_4_font_size=&#8221;17px&#8221; custom_padding=&#8221;|10px|||false|false&#8221; global_colors_info=&#8221;{}&#8221;]<\/p>\n<h4>DO YOU:<\/h4>\n<ul>\n<li>Own a second home?<\/li>\n<li>Own a business?<\/li>\n<li>Own works of art?<\/li>\n<li>Receive rental income from a property you own?<\/li>\n<\/ul>\n<p><\/p>\n<h4>QUESTIONS YOU MAY HAVE:<\/h4>\n<ul>\n<li>How can I diversify my investments?<\/li>\n<li>What will my partner&#8217;s income be if I die?<\/li>\n<li>What happens if one of us falls ill?<\/li>\n<li>How can I protect a dependent child?<\/li>\n<\/ul>\n<p>&nbsp;<\/p>\n<h4>NOTAIRES OFFICE CAN HELP YOU BY:<\/h4>\n<ul>\n<li>Carrying out an assessment of your assets and providing recommendations<\/li>\n<li>Preparing gifts, shared gifts, wills, and lasting powers of attorney<\/li>\n<li>Optimising your real estate project<\/li>\n<li>Creating a real estate investment company (SCI)<\/li>\n<li>Providing asset-related advice, delegated management of your assets<\/li>\n<li>Providing a digital vault for archiving your asset-related documents<\/li>\n<\/ul>\n<p>[\/et_pb_text][\/et_pb_column][et_pb_column type=&#8221;1_2&#8243; _builder_version=&#8221;4.16&#8243; global_colors_info=&#8221;{}&#8221;][et_pb_image src=&#8221;https:\/\/camoz-cottarel-gachetperrin-chambery.notaires.fr\/en\/wp-content\/uploads\/2022\/09\/optimise-assets-transfer-investment-notaires-office.jpg&#8221; alt=&#8221;Optimise Transfer Heritage Investment Notaires Office&#8221; title_text=&#8221;Optimise Transfer Heritage Investment Notaires Office&#8221; align=&#8221;right&#8221; align_tablet=&#8221;center&#8221; align_phone=&#8221;center&#8221; align_last_edited=&#8221;on|tablet&#8221; _builder_version=&#8221;4.27.5&#8243; global_colors_info=&#8221;{}&#8221;][\/et_pb_image][\/et_pb_column][\/et_pb_row][\/et_pb_section][et_pb_section fb_built=&#8221;1&#8243; module_id=&#8221;dette&#8221; _builder_version=&#8221;4.16&#8243; custom_padding=&#8221;54px|0px|1px|0px||&#8221; global_colors_info=&#8221;{}&#8221;][et_pb_row use_custom_gutter=&#8221;on&#8221; gutter_width=&#8221;1&#8243; _builder_version=&#8221;4.16&#8243; custom_margin=&#8221;||0px||false|false&#8221; custom_padding=&#8221;||0px||false|false&#8221; global_colors_info=&#8221;{}&#8221;][et_pb_column type=&#8221;4_4&#8243; _builder_version=&#8221;4.16&#8243; global_colors_info=&#8221;{}&#8221;][et_pb_text _builder_version=&#8221;4.27.5&#8243; text_font=&#8221;Lato||||||||&#8221; text_text_color=&#8221;rgba(255,255,255,0.7)&#8221; text_font_size=&#8221;15px&#8221; link_font=&#8221;||||||||&#8221; link_text_color=&#8221;#ffffff&#8221; header_font=&#8221;||||||||&#8221; header_2_font=&#8221;|600||on|||||&#8221; header_2_text_align=&#8221;center&#8221; header_2_font_size=&#8221;36px&#8221; header_3_font=&#8221;||on|on|||||&#8221; header_3_text_align=&#8221;center&#8221; header_3_font_size=&#8221;23px&#8221; background_color=&#8221;#cbb178&#8243; background_layout=&#8221;dark&#8221; custom_margin=&#8221;||30px||false|false&#8221; custom_margin_tablet=&#8221;40px|||&#8221; custom_margin_last_edited=&#8221;off|desktop&#8221; custom_padding=&#8221;25px|25px|25px|25px|false|false&#8221; custom_padding_tablet=&#8221;&#8221; custom_padding_phone=&#8221;&#8221; custom_padding_last_edited=&#8221;on|desktop&#8221; border_color_all=&#8221;#fa7f28&#8243; border_color_top=&#8221;#F9C546&#8243; locked=&#8221;off&#8221; global_colors_info=&#8221;{}&#8221;]<\/p>\n<h2>YOU ARE FACING FINANCIAL DIFFICULTIES<\/h2>\n<h3>UNEMPLOYMENT, SEPARATION, SIGNIFICANT DEBT<\/h3>\n<p>[\/et_pb_text][\/et_pb_column][\/et_pb_row][et_pb_row column_structure=&#8221;1_2,1_2&#8243; use_custom_gutter=&#8221;on&#8221; gutter_width=&#8221;1&#8243; _builder_version=&#8221;4.16&#8243; custom_margin=&#8221;0px||||false|false&#8221; custom_padding=&#8221;0px||||false|false&#8221; global_colors_info=&#8221;{}&#8221;][et_pb_column type=&#8221;1_2&#8243; _builder_version=&#8221;4.16&#8243; global_colors_info=&#8221;{}&#8221;][et_pb_text ul_type=&#8221;circle&#8221; ul_item_indent=&#8221;40px&#8221; _builder_version=&#8221;4.27.5&#8243; ul_font=&#8221;||||||||&#8221; ul_text_align=&#8221;left&#8221; ol_font=&#8221;||||||||&#8221; header_4_font=&#8221;|600|||||||&#8221; header_4_font_size=&#8221;17px&#8221; custom_padding=&#8221;50px|10px|||false|false&#8221; global_colors_info=&#8221;{}&#8221;]<\/p>\n<h4>QUESTIONS YOU MAY HAVE:<\/h4>\n<ul>\n<li>How can I cover my day-to-day expenses?<\/li>\n<li>How can I get back on a sustainable financial footing?\n<\/li>\n<\/ul>\n<p>&nbsp;<\/p>\n<h4>NOTAIRES OFFICE CAN HELP YOU BY:<\/h4>\n<ul>\n<li>Assessing the assets of your financial arrangements<\/li>\n<li>Referring you to specialist providers <i>(debt consolidation, debt rescheduling, etc.)<\/i><\/li>\n<\/ul>\n<p>[\/et_pb_text][\/et_pb_column][et_pb_column type=&#8221;1_2&#8243; _builder_version=&#8221;4.16&#8243; global_colors_info=&#8221;{}&#8221;][et_pb_image src=&#8221;https:\/\/camoz-cottarel-gachetperrin-chambery.notaires.fr\/en\/wp-content\/uploads\/2022\/09\/difficulty-heritage-unemployment-over-indebtedness-notaires-office.jpg&#8221; alt=&#8221;Unemployment Separation Over-indebtedness\u00a0Notaires Office&#8221; title_text=&#8221;Unemployment Separation Over-indebtedness\u00a0Notaires Office&#8221; align=&#8221;right&#8221; align_tablet=&#8221;center&#8221; align_phone=&#8221;center&#8221; align_last_edited=&#8221;on|phone&#8221; _builder_version=&#8221;4.27.5&#8243; hover_enabled=&#8221;0&#8243; global_colors_info=&#8221;{}&#8221; sticky_enabled=&#8221;0&#8243;][\/et_pb_image][\/et_pb_column][\/et_pb_row][\/et_pb_section][et_pb_section fb_built=&#8221;1&#8243; module_id=&#8221;seul&#8221; _builder_version=&#8221;4.16&#8243; custom_padding=&#8221;54px|0px|80px|0px||&#8221; global_colors_info=&#8221;{}&#8221;][et_pb_row use_custom_gutter=&#8221;on&#8221; gutter_width=&#8221;1&#8243; _builder_version=&#8221;4.16&#8243; custom_margin=&#8221;||0px||false|false&#8221; custom_padding=&#8221;||0px||false|false&#8221; global_colors_info=&#8221;{}&#8221;][et_pb_column type=&#8221;4_4&#8243; _builder_version=&#8221;4.16&#8243; global_colors_info=&#8221;{}&#8221;][et_pb_text _builder_version=&#8221;4.27.5&#8243; text_font=&#8221;Lato||||||||&#8221; text_text_color=&#8221;rgba(255,255,255,0.7)&#8221; text_font_size=&#8221;15px&#8221; link_font=&#8221;||||||||&#8221; link_text_color=&#8221;#ffffff&#8221; header_font=&#8221;||||||||&#8221; header_2_font=&#8221;|600||on|||||&#8221; header_2_text_align=&#8221;center&#8221; header_2_font_size=&#8221;36px&#8221; header_3_font=&#8221;||on|on|||||&#8221; header_3_text_align=&#8221;center&#8221; header_3_font_size=&#8221;23px&#8221; background_color=&#8221;#b6153c&#8221; background_layout=&#8221;dark&#8221; custom_margin=&#8221;||30px||false|false&#8221; custom_margin_tablet=&#8221;40px|||&#8221; custom_margin_last_edited=&#8221;off|desktop&#8221; custom_padding=&#8221;25px|25px|25px|25px|false|false&#8221; custom_padding_tablet=&#8221;&#8221; custom_padding_phone=&#8221;&#8221; custom_padding_last_edited=&#8221;on|desktop&#8221; border_color_all=&#8221;#fa7f28&#8243; border_color_top=&#8221;#F9C546&#8243; locked=&#8221;off&#8221; global_colors_info=&#8221;{}&#8221;]<\/p>\n<h2>YOU LIVE ALONE, HAVE NO CHILDREN<\/h2>\n<h3> AND ARE THINKING ABOUT YOUR SUCCESSION<\/h3>\n<p>[\/et_pb_text][\/et_pb_column][\/et_pb_row][et_pb_row column_structure=&#8221;1_2,1_2&#8243; use_custom_gutter=&#8221;on&#8221; gutter_width=&#8221;1&#8243; _builder_version=&#8221;4.16&#8243; custom_margin=&#8221;0px||||false|false&#8221; custom_padding=&#8221;0px||||false|false&#8221; global_colors_info=&#8221;{}&#8221;][et_pb_column type=&#8221;1_2&#8243; _builder_version=&#8221;4.16&#8243; global_colors_info=&#8221;{}&#8221;][et_pb_text ul_type=&#8221;circle&#8221; ul_item_indent=&#8221;40px&#8221; _builder_version=&#8221;4.27.5&#8243; ul_font=&#8221;||||||||&#8221; ul_text_align=&#8221;left&#8221; ol_font=&#8221;||||||||&#8221; header_4_font=&#8221;|600|||||||&#8221; header_4_font_size=&#8221;17px&#8221; custom_padding=&#8221;50px|10px|||false|false&#8221; global_colors_info=&#8221;{}&#8221;]<\/p>\n<h4>QUESTIONS YOU MAY HAVE:<\/h4>\n<ul>\n<li>If I die, who will inherit my estate?<\/li>\n<li>Can I leave my estate to a charity, and under what conditions?<\/li>\n<li>If I die, who will handle my estate?<\/li>\n<\/ul>\n<p>&nbsp;<\/p>\n<h4>NOTAIRES OFFICE CAN HELP YOU BY:<\/h4>\n<ul>\n<li>Searching for heirs<\/li>\n<li>Preparing wills, lasting powers of attorney<\/li>\n<li>Assisting with your succession <i>(organising funerals, sale of assets, settling the estate)<\/i><\/li>\n<\/ul>\n<p>[\/et_pb_text][\/et_pb_column][et_pb_column type=&#8221;1_2&#8243; _builder_version=&#8221;4.16&#8243; global_colors_info=&#8221;{}&#8221;][et_pb_image src=&#8221;https:\/\/camoz-cottarel-gachetperrin-chambery.notaires.fr\/en\/wp-content\/uploads\/2022\/09\/inheritance-without-children-association-notaire.jpg&#8221; alt=&#8221;Inheritance without children, Association Notaires Office&#8221; title_text=&#8221;Inheritance without children, Association Notaires Office&#8221; align=&#8221;right&#8221; align_tablet=&#8221;center&#8221; align_phone=&#8221;center&#8221; align_last_edited=&#8221;on|tablet&#8221; _builder_version=&#8221;4.27.5&#8243; hover_enabled=&#8221;0&#8243; global_colors_info=&#8221;{}&#8221; sticky_enabled=&#8221;0&#8243;][\/et_pb_image][\/et_pb_column][\/et_pb_row][\/et_pb_section][et_pb_section fb_built=&#8221;1&#8243; disabled_on=&#8221;on|on|on&#8221; module_id=&#8221;pluscalme&#8221; _builder_version=&#8221;4.16&#8243; custom_padding=&#8221;0px|0px|80px|0px|false|false&#8221; disabled=&#8221;on&#8221; global_colors_info=&#8221;{}&#8221;][et_pb_row use_custom_gutter=&#8221;on&#8221; gutter_width=&#8221;1&#8243; _builder_version=&#8221;4.16&#8243; custom_margin=&#8221;||0px||false|false&#8221; custom_padding=&#8221;||0px||false|false&#8221; global_colors_info=&#8221;{}&#8221;][et_pb_column type=&#8221;4_4&#8243; _builder_version=&#8221;4.16&#8243; global_colors_info=&#8221;{}&#8221;][et_pb_text _builder_version=&#8221;4.27.5&#8243; text_font=&#8221;Lato||||||||&#8221; text_text_color=&#8221;rgba(255,255,255,0.7)&#8221; text_font_size=&#8221;15px&#8221; link_font=&#8221;||||||||&#8221; link_text_color=&#8221;#ffffff&#8221; header_font=&#8221;||||||||&#8221; header_2_font=&#8221;|600||on|||||&#8221; header_2_font_size=&#8221;36px&#8221; header_3_font=&#8221;||on|on|||||&#8221; header_3_font_size=&#8221;23px&#8221; background_color=&#8221;#cbb178&#8243; text_orientation=&#8221;center&#8221; background_layout=&#8221;dark&#8221; custom_margin=&#8221;||30px||false|false&#8221; custom_margin_tablet=&#8221;40px|||&#8221; custom_margin_last_edited=&#8221;off|desktop&#8221; custom_padding=&#8221;25px|25px|25px|25px|false|false&#8221; custom_padding_tablet=&#8221;&#8221; custom_padding_phone=&#8221;&#8221; custom_padding_last_edited=&#8221;on|desktop&#8221; border_color_all=&#8221;#fa7f28&#8243; border_color_top=&#8221;#F9C546&#8243; locked=&#8221;off&#8221; global_colors_info=&#8221;{}&#8221;]<\/p>\n<h2>IN PRATIC<\/h2>\n<p>[\/et_pb_text][\/et_pb_column][\/et_pb_row][et_pb_row column_structure=&#8221;1_3,1_3,1_3&#8243; use_custom_gutter=&#8221;on&#8221; _builder_version=&#8221;4.16&#8243; custom_margin=&#8221;0px||||false|false&#8221; custom_padding=&#8221;0px||2px||false|false&#8221; global_colors_info=&#8221;{}&#8221;][et_pb_column type=&#8221;1_3&#8243; _builder_version=&#8221;4.16&#8243; global_colors_info=&#8221;{}&#8221;][et_pb_image src=&#8221;https:\/\/camoz-cottarel-gachetperrin-chambery.notaires.fr\/en\/wp-content\/uploads\/2022\/09\/prepare-heritage-notaires-office.png&#8221; alt=&#8221;Pr\u00e9parer H\u00e9ritage Notaires Office&#8221; title_text=&#8221;preparer-heritage-notaires-office&#8221; url=&#8221;\/dernieres-volontes-que-choisir-entre-testament-olographe-ou-authentique\/&#8221; align=&#8221;center&#8221; _builder_version=&#8221;4.27.5&#8243; background_color=&#8221;#b6153c&#8221; custom_padding=&#8221;8px||8px||false|false&#8221; global_colors_info=&#8221;{}&#8221;][\/et_pb_image][et_pb_text _builder_version=&#8221;4.27.5&#8243; custom_margin=&#8221;||||false|false&#8221; custom_padding=&#8221;||||false|false&#8221; global_colors_info=&#8221;{}&#8221;]<\/p>\n<h4 style=\"text-align: center;\"><a href=\"\/dernieres-volontes-que-choisir-entre-testament-olographe-ou-authentique\/\" alt=\"Pr\u00e9parer son testament\">Preparing your will<br \/>\n<\/a><\/h4>\n<p>[\/et_pb_text][\/et_pb_column][et_pb_column type=&#8221;1_3&#8243; _builder_version=&#8221;4.16&#8243; global_colors_info=&#8221;{}&#8221;][et_pb_image src=&#8221;https:\/\/camoz-cottarel-gachetperrin-chambery.notaires.fr\/en\/wp-content\/uploads\/2020\/04\/Notaires-Office-donation-1.png&#8221; url=&#8221;\/donation-simple-donation-partage-reconnaissance-dettes\/&#8221; align=&#8221;center&#8221; _builder_version=&#8221;4.17.3&#8243; background_color=&#8221;#cbb178&#8243; custom_padding=&#8221;8px||8px||false|false&#8221; global_colors_info=&#8221;{}&#8221;][\/et_pb_image][et_pb_text _builder_version=&#8221;4.27.5&#8243; custom_margin=&#8221;||||false|false&#8221; custom_padding=&#8221;||||false|false&#8221; global_colors_info=&#8221;{}&#8221;]<\/p>\n<h4 style=\"text-align: center;\"><a href=\"\/donation-simple-donation-partage-reconnaissance-dettes\/\" alt=\"Effectuer une donation\">Making a gift<br \/>\n<\/a><\/h4>\n<p>[\/et_pb_text][\/et_pb_column][et_pb_column type=&#8221;1_3&#8243; _builder_version=&#8221;4.16&#8243; global_colors_info=&#8221;{}&#8221;][et_pb_image src=&#8221;https:\/\/camoz-cottarel-gachetperrin-chambery.notaires.fr\/en\/wp-content\/uploads\/2020\/04\/notaires-office-protection-1.png&#8221; url=&#8221;\/donner-de-son-vivant-enfants-avantages-fiscaux-juridiques\/&#8221; align=&#8221;center&#8221; _builder_version=&#8221;4.17.3&#8243; background_color=&#8221;#b6153c&#8221; custom_padding=&#8221;8px||8px||false|false&#8221; global_colors_info=&#8221;{}&#8221;][\/et_pb_image][et_pb_text _builder_version=&#8221;4.27.5&#8243; custom_margin=&#8221;||||false|false&#8221; custom_padding=&#8221;||||false|false&#8221; global_colors_info=&#8221;{}&#8221;]<\/p>\n<h4 style=\"text-align: center;\"><a href=\"\/donner-de-son-vivant-enfants-avantages-fiscaux-juridiques\/\" alt=\"Prot\u00e9ger et pr\u00e9voir l\u2019avenir de ses proches\">Protecting and planning for the future of your loved ones<br \/>\n<\/a><\/h4>\n<p>[\/et_pb_text][\/et_pb_column][\/et_pb_row][\/et_pb_section][et_pb_section fb_built=&#8221;1&#8243; disabled_on=&#8221;on|on|on&#8221; module_id=&#8221;conjoint&#8221; _builder_version=&#8221;4.16&#8243; custom_padding=&#8221;0px|0px|100px|0px|false|false&#8221; disabled=&#8221;on&#8221; global_colors_info=&#8221;{}&#8221;][et_pb_row use_custom_gutter=&#8221;on&#8221; gutter_width=&#8221;1&#8243; _builder_version=&#8221;4.16&#8243; custom_margin=&#8221;||0px||false|false&#8221; custom_padding=&#8221;||0px||false|false&#8221; global_colors_info=&#8221;{}&#8221;][et_pb_column type=&#8221;4_4&#8243; _builder_version=&#8221;4.16&#8243; global_colors_info=&#8221;{}&#8221;][et_pb_text _builder_version=&#8221;4.18.0&#8243; text_font=&#8221;Lato||||||||&#8221; text_text_color=&#8221;rgba(255,255,255,0.7)&#8221; text_font_size=&#8221;15px&#8221; link_font=&#8221;||||||||&#8221; link_text_color=&#8221;#ffffff&#8221; header_font=&#8221;||||||||&#8221; header_2_font=&#8221;|600||on|||||&#8221; header_2_text_align=&#8221;center&#8221; header_2_font_size=&#8221;36px&#8221; header_3_font=&#8221;||on|on|||||&#8221; header_3_text_align=&#8221;center&#8221; header_3_font_size=&#8221;23px&#8221; background_color=&#8221;#b60039&#8243; background_layout=&#8221;dark&#8221; custom_margin=&#8221;||30px||false|false&#8221; custom_margin_tablet=&#8221;40px|||&#8221; custom_margin_last_edited=&#8221;off|desktop&#8221; custom_padding=&#8221;25px|25px|25px|25px|false|false&#8221; custom_padding_tablet=&#8221;&#8221; custom_padding_phone=&#8221;&#8221; custom_padding_last_edited=&#8221;on|desktop&#8221; border_color_all=&#8221;#fa7f28&#8243; border_color_top=&#8221;#F9C546&#8243; locked=&#8221;off&#8221; global_colors_info=&#8221;{}&#8221;]<\/p>\n<h2>Le droit du patrimoine d\u00e9crypt\u00e9<\/h2>\n<h3>Des actualit\u00e9s r\u00e9guli\u00e8res sur des sujets du quotidien<\/h3>\n<p>[\/et_pb_text][\/et_pb_column][\/et_pb_row][et_pb_row make_equal=&#8221;on&#8221; _builder_version=&#8221;4.17.3&#8243; custom_margin=&#8221;0px||||false|false&#8221; custom_padding=&#8221;0px||||false|false&#8221; global_colors_info=&#8221;{}&#8221;][et_pb_column type=&#8221;4_4&#8243; _builder_version=&#8221;4.16&#8243; global_colors_info=&#8221;{}&#8221;][et_pb_blog fullwidth=&#8221;off&#8221; posts_number=&#8221;3&#8243; include_categories=&#8221;18&#8243; show_author=&#8221;off&#8221; show_date=&#8221;off&#8221; show_categories=&#8221;off&#8221; show_pagination=&#8221;off&#8221; use_overlay=&#8221;on&#8221; overlay_icon_color=&#8221;#CBB178&#8243; _builder_version=&#8221;4.18.0&#8243; _module_preset=&#8221;default&#8221; custom_margin=&#8221;||||false|false&#8221; custom_padding=&#8221;||||false|false&#8221; global_colors_info=&#8221;{}&#8221;][\/et_pb_blog][\/et_pb_column][\/et_pb_row][\/et_pb_section]<\/p>\n","protected":false},"excerpt":{"rendered":"<p>Asset Management We help you protect and grow your assetsOur notaries public are certified to provide family advisory services (&#8220;NCF&#8221; certification) and are members of the &#8220;Notaires au C\u0153ur des Familles&#8221; network. YOU HAVE ASSETS AND WANT TO OPTIMISE THEM OR PASS THEM ON?DO YOU: Own a second home? Own a business? Own works of [&hellip;]<\/p>\n","protected":false},"author":2,"featured_media":0,"parent":0,"menu_order":0,"comment_status":"closed","ping_status":"closed","template":"","meta":{"_acf_changed":false,"_et_pb_use_builder":"on","_et_pb_old_content":"","_et_gb_content_width":"","footnotes":""},"class_list":["post-29432","page","type-page","status-publish","hentry"],"acf":[],"_links":{"self":[{"href":"https:\/\/camoz-cottarel-gachetperrin-chambery.notaires.fr\/en\/wp-json\/wp\/v2\/pages\/29432","targetHints":{"allow":["GET"]}}],"collection":[{"href":"https:\/\/camoz-cottarel-gachetperrin-chambery.notaires.fr\/en\/wp-json\/wp\/v2\/pages"}],"about":[{"href":"https:\/\/camoz-cottarel-gachetperrin-chambery.notaires.fr\/en\/wp-json\/wp\/v2\/types\/page"}],"author":[{"embeddable":true,"href":"https:\/\/camoz-cottarel-gachetperrin-chambery.notaires.fr\/en\/wp-json\/wp\/v2\/users\/2"}],"replies":[{"embeddable":true,"href":"https:\/\/camoz-cottarel-gachetperrin-chambery.notaires.fr\/en\/wp-json\/wp\/v2\/comments?post=29432"}],"version-history":[{"count":0,"href":"https:\/\/camoz-cottarel-gachetperrin-chambery.notaires.fr\/en\/wp-json\/wp\/v2\/pages\/29432\/revisions"}],"wp:attachment":[{"href":"https:\/\/camoz-cottarel-gachetperrin-chambery.notaires.fr\/en\/wp-json\/wp\/v2\/media?parent=29432"}],"curies":[{"name":"wp","href":"https:\/\/api.w.org\/{rel}","templated":true}]}}