{"id":32991,"date":"2020-11-25T11:22:17","date_gmt":"2020-11-25T10:22:17","guid":{"rendered":"https:\/\/camoz-cottarel-gachetperrin-chambery.notaires.fr\/en\/?page_id=32991"},"modified":"2026-04-08T08:09:42","modified_gmt":"2026-04-08T06:09:42","slug":"property","status":"publish","type":"page","link":"https:\/\/camoz-cottarel-gachetperrin-chambery.notaires.fr\/en\/property\/","title":{"rendered":"Property"},"content":{"rendered":"<p>[et_pb_section fb_built=&#8221;1&#8243; admin_label=&#8221;Hero section&#8221; _builder_version=&#8221;4.16&#8243; use_background_color_gradient=&#8221;on&#8221; background_color_gradient_stops=&#8221;rgba(150,105,97,0.33) 0%|rgba(15,0,0,0.39) 100%&#8221; background_color_gradient_overlays_image=&#8221;on&#8221; background_color_gradient_start=&#8221;rgba(150,105,97,0.33)&#8221; background_color_gradient_end=&#8221;rgba(15,0,0,0.39)&#8221; background_image=&#8221;https:\/\/camoz-cottarel-gachetperrin-chambery.notaires.fr\/en\/wp-content\/uploads\/2020\/12\/property-service-notaires-office.jpg&#8221; custom_margin=&#8221;|||&#8221; custom_padding=&#8221;||||false|false&#8221; global_colors_info=&#8221;{}&#8221;][et_pb_row _builder_version=&#8221;4.16&#8243; max_width=&#8221;1440px&#8221; custom_margin=&#8221;15px||||false|false&#8221; custom_padding=&#8221;15px||||false|false&#8221; global_colors_info=&#8221;{}&#8221;][et_pb_column type=&#8221;4_4&#8243; admin_label=&#8221;Colonne de gauche&#8221; _builder_version=&#8221;4.16&#8243; custom_padding=&#8221;25px||25px||false|false&#8221; border_radii=&#8221;off||6px|6px|&#8221; global_colors_info=&#8221;{}&#8221; custom_padding__hover=&#8221;|||&#8221;][et_pb_text _builder_version=&#8221;4.27.5&#8243; text_font=&#8221;|600|||||||&#8221; text_text_color=&#8221;#ffffff&#8221; text_font_size=&#8221;16px&#8221; header_font=&#8221;|600||on|||||&#8221; header_text_color=&#8221;#ffffff&#8221; header_font_size=&#8221;40px&#8221; header_letter_spacing=&#8221;1px&#8221; header_line_height=&#8221;1.2em&#8221; header_2_font=&#8221;Open Sans||||||||&#8221; header_2_text_align=&#8221;center&#8221; header_2_text_color=&#8221;#ffffff&#8221; header_2_font_size=&#8221;24px&#8221; text_orientation=&#8221;center&#8221; module_alignment=&#8221;center&#8221; custom_margin=&#8221;||||false|false&#8221; custom_padding=&#8221;||||false|false&#8221; global_colors_info=&#8221;{}&#8221;]<\/p>\n<h1>Property &#038; Real estate Services<\/h1>\n<h2>Assisting you with your projects<\/h2>\n<p>[\/et_pb_text][\/et_pb_column][\/et_pb_row][\/et_pb_section][et_pb_section fb_built=&#8221;1&#8243; module_id=&#8221;installation&#8221; _builder_version=&#8221;4.16&#8243; custom_padding=&#8221;54px|0px|0px|0px|false|false&#8221; global_colors_info=&#8221;{}&#8221;][et_pb_row column_structure=&#8221;1_3,2_3&#8243; make_equal=&#8221;on&#8221; _builder_version=&#8221;4.16&#8243; module_alignment=&#8221;center&#8221; custom_margin=&#8221;0px||||false|false&#8221; custom_padding=&#8221;0px||||false|false&#8221; global_colors_info=&#8221;{}&#8221; disabled_on=&#8221;on|on|on&#8221; disabled=&#8221;on&#8221;][et_pb_column type=&#8221;1_3&#8243; _builder_version=&#8221;4.16&#8243; custom_css_main_element=&#8221;margin:auto;&#8221; global_colors_info=&#8221;{}&#8221;][et_pb_image src=&#8221;https:\/\/camoz-cottarel-gachetperrin-chambery.notaires.fr\/en\/wp-content\/uploads\/2022\/09\/logo-tegova-notaires-immobilier.png&#8221; alt=&#8221;Logo Notaire Expertise Immobilier&#8221; title_text=&#8221;Logo Notaire Expertise Immobilier&#8221; align=&#8221;right&#8221; align_tablet=&#8221;center&#8221; align_phone=&#8221;&#8221; align_last_edited=&#8221;on|tablet&#8221; _builder_version=&#8221;4.18.0&#8243; max_width=&#8221;60%&#8221; custom_margin=&#8221;6px||||false|false&#8221; custom_padding=&#8221;||0px|||&#8221; global_colors_info=&#8221;{}&#8221;][\/et_pb_image][\/et_pb_column][et_pb_column type=&#8221;2_3&#8243; _builder_version=&#8221;4.16&#8243; custom_css_main_element=&#8221;margin:auto;&#8221; global_colors_info=&#8221;{}&#8221;][et_pb_text ul_type=&#8221;circle&#8221; ul_item_indent=&#8221;40px&#8221; content_phone=&#8221;<\/p>\n<p><i>Nous sommes labellis\u00e9 expert TRV en estimations immobili\u00e8res selon la norme Europ\u00e9enne TEGoVA.<\/i><\/p>\n<p>&#8221; content_last_edited=&#8221;off|phone&#8221; _builder_version=&#8221;4.27.5&#8243; ul_font=&#8221;||||||||&#8221; ul_text_align=&#8221;left&#8221; ol_font=&#8221;||||||||&#8221; header_4_font=&#8221;Lato|600|||||||&#8221; custom_margin=&#8221;||||false|false&#8221; custom_padding=&#8221;||||false|false&#8221; text_orientation_tablet=&#8221;&#8221; text_orientation_phone=&#8221;center&#8221; text_orientation_last_edited=&#8221;on|phone&#8221; global_colors_info=&#8221;{}&#8221;]<i>We are certified TRV experts in property valuations according to the European TEGoVA standard.<br \/>\n<\/i>[\/et_pb_text][\/et_pb_column][\/et_pb_row][et_pb_row use_custom_gutter=&#8221;on&#8221; gutter_width=&#8221;1&#8243; _builder_version=&#8221;4.16&#8243; custom_margin=&#8221;||0px||false|false&#8221; custom_padding=&#8221;||0px||false|false&#8221; global_colors_info=&#8221;{}&#8221;][et_pb_column type=&#8221;4_4&#8243; _builder_version=&#8221;4.16&#8243; global_colors_info=&#8221;{}&#8221;][et_pb_text _builder_version=&#8221;4.27.5&#8243; text_font=&#8221;Lato||||||||&#8221; text_text_color=&#8221;rgba(255,255,255,0.7)&#8221; text_font_size=&#8221;15px&#8221; link_font=&#8221;||||||||&#8221; link_text_color=&#8221;#ffffff&#8221; header_font=&#8221;||||||||&#8221; header_2_font=&#8221;|600||on|||||&#8221; header_2_text_align=&#8221;center&#8221; header_2_font_size=&#8221;36px&#8221; header_3_font=&#8221;||on|on|||||&#8221; header_3_text_align=&#8221;center&#8221; header_3_font_size=&#8221;23px&#8221; background_color=&#8221;#b6153c&#8221; background_layout=&#8221;dark&#8221; custom_margin=&#8221;||30px||false|false&#8221; custom_margin_tablet=&#8221;40px|||&#8221; custom_margin_last_edited=&#8221;off|desktop&#8221; custom_padding=&#8221;25px|25px|25px|25px|false|false&#8221; custom_padding_tablet=&#8221;&#8221; custom_padding_phone=&#8221;&#8221; custom_padding_last_edited=&#8221;on|desktop&#8221; border_color_all=&#8221;#fa7f28&#8243; border_color_top=&#8221;#F9C546&#8243; locked=&#8221;off&#8221; global_colors_info=&#8221;{}&#8221;]<\/p>\n<h2>YOU WANT<\/h2>\n<h3>TO SELL, BUY OR TRANSFER REAL ESTATE<\/h3>\n<p>[\/et_pb_text][\/et_pb_column][\/et_pb_row][et_pb_row column_structure=&#8221;1_2,1_2&#8243; use_custom_gutter=&#8221;on&#8221; gutter_width=&#8221;1&#8243; _builder_version=&#8221;4.16&#8243; custom_margin=&#8221;0px||||false|false&#8221; custom_padding=&#8221;0px||||false|false&#8221; global_colors_info=&#8221;{}&#8221;][et_pb_column type=&#8221;1_2&#8243; _builder_version=&#8221;4.16&#8243; global_colors_info=&#8221;{}&#8221;][et_pb_text ul_type=&#8221;circle&#8221; ul_item_indent=&#8221;40px&#8221; _builder_version=&#8221;4.27.5&#8243; ul_font=&#8221;||||||||&#8221; ul_text_align=&#8221;left&#8221; ol_font=&#8221;||||||||&#8221; header_4_font=&#8221;|600|||||||&#8221; header_4_font_size=&#8221;17px&#8221; custom_padding=&#8221;50px|10px|||false|false&#8221; global_colors_info=&#8221;{}&#8221;]<\/p>\n<h4>QUESTIONS YOU MAY HAVE:<\/h4>\n<ul>\n<li>Is it better to rent or buy? <\/li>\n<li>How should I prepare for my property purchase?<\/li>\n<li>We want to buy but we don&#8217;t have a marriage contract: is this a problem?<\/li>\n<li>How can we sell our property quickly and at market price?<\/li>\n<li>How can we find suitable accommodation where we can &#8220;grow old serenely&#8221;?<\/li>\n<li>I am anticipating a separation from my spouse: what would the consequences be for my home?\n<\/li>\n<\/ul>\n<p>&nbsp;<\/p>\n<h4>NOTAIRES OFFICE CAN HELP YOU BY:<\/h4>\n<ul>\n<li>Valuing your property \u2013 Calculating capital gains<\/li>\n<li>Carrying out appraisals and audits for the property<\/li>\n<li>Giving you first-time buyer advice<\/li>\n<li>Preparing your relocation project<\/li>\n<li>Preparing real estate search mandates<\/li>\n<li>Preparing real estate sale mandates<\/li>\n<li>Organising interactive property sales \/ Sales at auction<\/li>\n<li>Conducting negotiations and rental management services<\/li>\n<li>Drawing up marriage contracts, civil partnership agreements (PACS)<\/li>\n<\/ul>\n<p>[\/et_pb_text][\/et_pb_column][et_pb_column type=&#8221;1_2&#8243; _builder_version=&#8221;4.16&#8243; global_colors_info=&#8221;{}&#8221;][et_pb_image src=&#8221;https:\/\/camoz-cottarel-gachetperrin-chambery.notaires.fr\/en\/wp-content\/uploads\/2022\/09\/notaire-office-property-sell-buy.jpg&#8221; alt=&#8221;Sell Buy Rent Property Notaires Office&#8221; title_text=&#8221;Sell Buy Rent Property Notaires Office&#8221; align=&#8221;right&#8221; align_tablet=&#8221;center&#8221; align_phone=&#8221;center&#8221; align_last_edited=&#8221;on|phone&#8221; _builder_version=&#8221;4.27.5&#8243; global_colors_info=&#8221;{}&#8221;][\/et_pb_image][\/et_pb_column][\/et_pb_row][\/et_pb_section][et_pb_section fb_built=&#8221;1&#8243; module_id=&#8221;dette&#8221; _builder_version=&#8221;4.16&#8243; custom_padding=&#8221;54px|0px|1px|0px||&#8221; locked=&#8221;off&#8221; global_colors_info=&#8221;{}&#8221;][et_pb_row use_custom_gutter=&#8221;on&#8221; gutter_width=&#8221;1&#8243; _builder_version=&#8221;4.16&#8243; custom_margin=&#8221;||0px||false|false&#8221; custom_padding=&#8221;||0px||false|false&#8221; global_colors_info=&#8221;{}&#8221;][et_pb_column type=&#8221;4_4&#8243; _builder_version=&#8221;4.16&#8243; global_colors_info=&#8221;{}&#8221;][et_pb_text _builder_version=&#8221;4.27.5&#8243; text_font=&#8221;Lato||||||||&#8221; text_text_color=&#8221;rgba(255,255,255,0.7)&#8221; text_font_size=&#8221;15px&#8221; link_font=&#8221;||||||||&#8221; link_text_color=&#8221;#ffffff&#8221; header_font=&#8221;||||||||&#8221; header_2_font=&#8221;|600||on|||||&#8221; header_2_text_align=&#8221;center&#8221; header_2_font_size=&#8221;36px&#8221; header_3_font=&#8221;||on|on|||||&#8221; header_3_text_align=&#8221;center&#8221; header_3_font_size=&#8221;23px&#8221; background_color=&#8221;#cbb178&#8243; background_layout=&#8221;dark&#8221; custom_margin=&#8221;||30px||false|false&#8221; custom_margin_tablet=&#8221;40px|||&#8221; custom_margin_last_edited=&#8221;off|desktop&#8221; custom_padding=&#8221;25px|25px|25px|25px|false|false&#8221; custom_padding_tablet=&#8221;&#8221; custom_padding_phone=&#8221;&#8221; custom_padding_last_edited=&#8221;on|desktop&#8221; border_color_all=&#8221;#fa7f28&#8243; border_color_top=&#8221;#F9C546&#8243; locked=&#8221;off&#8221; global_colors_info=&#8221;{}&#8221;]<\/p>\n<h2>YOU ARE AN INDIVIDUAL, A BUSINESS, OR A WEALTH MANAGER <\/h2>\n<h3>AND YOU OWN REAL ESTATE ASSETS<br \/>\n(OFFICES, SHOPS, RESIDENTIAL BUILDINGS, HOTELS, ETC.)<\/h3>\n<p>[\/et_pb_text][\/et_pb_column][\/et_pb_row][et_pb_row column_structure=&#8221;1_2,1_2&#8243; use_custom_gutter=&#8221;on&#8221; gutter_width=&#8221;1&#8243; _builder_version=&#8221;4.16&#8243; custom_margin=&#8221;0px||||false|false&#8221; custom_padding=&#8221;||||false|false&#8221; global_colors_info=&#8221;{}&#8221;][et_pb_column type=&#8221;1_2&#8243; _builder_version=&#8221;4.16&#8243; global_colors_info=&#8221;{}&#8221;][et_pb_text ul_type=&#8221;circle&#8221; ul_item_indent=&#8221;40px&#8221; _builder_version=&#8221;4.27.5&#8243; ul_font=&#8221;||||||||&#8221; ul_text_align=&#8221;left&#8221; ol_font=&#8221;||||||||&#8221; header_4_font=&#8221;|600|||||||&#8221; header_4_font_size=&#8221;17px&#8221; custom_padding=&#8221;|10px|||false|false&#8221; global_colors_info=&#8221;{}&#8221;]<\/p>\n<h4>QUESTIONS YOU MAY HAVE:<\/h4>\n<ul>\n<li>How are regulatory changes (the \u00c9LAN law, climate plan, energy-saving measures for the tertiary sector, environmental concerns, new practices such as remote working, etc.) affecting the value of my assets?<\/li>\n<li>What are the risks of my assets becoming obsolete?<\/li>\n<li>Do I have opportunities to increase the value of my assets by restructuring them under the decree on energy-saving measures for the tertiary sector?<\/li>\n<li>What are the relevant solutions, specific to my context, and the right partners to carry out this revaluation?<\/li>\n<\/ul>\n<p>&nbsp;<\/p>\n<h4>NOTAIRES OFFICE CAN HELP YOU BY:<\/h4>\n<ul>\n<li>Conducting studies (prospective studies, case studies, feasibility studies)<\/li>\n<li>Developing and analysing (re-)development or transformation scenarios for the products (offices, shops, residential buildings, etc.) that are potentially the most valuable and compatible with economic, technical, legal and urban planning constraints<\/li>\n<li>Analysing the risks associated with each scenario, and validating the project and its timetable, in particular with local authorities<\/li>\n<li>Delegating the management of your assets (studies on the evolution and transformation of assets, etc.)<\/li>\n<li>Providing a digital vault for archiving documents related to your assets (creating an enforceable content statement and a data room, etc.)<\/li>\n<\/ul>\n<p>[\/et_pb_text][\/et_pb_column][et_pb_column type=&#8221;1_2&#8243; _builder_version=&#8221;4.16&#8243; global_colors_info=&#8221;{}&#8221;][et_pb_image src=&#8221;https:\/\/camoz-cottarel-gachetperrin-chambery.notaires.fr\/en\/wp-content\/uploads\/2022\/02\/propertu-real-estate-assets-notaires-office.jpg&#8221; alt=&#8221;Real Estate Regulations Office Commerce Notaires Office&#8221; title_text=&#8221;Real Estate Regulations Office Commerce Notaires Office&#8221; align=&#8221;right&#8221; align_tablet=&#8221;center&#8221; align_phone=&#8221;center&#8221; align_last_edited=&#8221;on|phone&#8221; _builder_version=&#8221;4.27.5&#8243; global_colors_info=&#8221;{}&#8221;][\/et_pb_image][\/et_pb_column][\/et_pb_row][\/et_pb_section][et_pb_section fb_built=&#8221;1&#8243; disabled_on=&#8221;on|on|on&#8221; module_id=&#8221;pluscalme&#8221; _builder_version=&#8221;4.16&#8243; custom_padding=&#8221;0px|0px|104px|0px|false|false&#8221; disabled=&#8221;on&#8221; locked=&#8221;off&#8221; global_colors_info=&#8221;{}&#8221;][et_pb_row use_custom_gutter=&#8221;on&#8221; gutter_width=&#8221;1&#8243; _builder_version=&#8221;4.16&#8243; custom_margin=&#8221;||0px||false|false&#8221; custom_padding=&#8221;81px||0px||false|false&#8221; global_colors_info=&#8221;{}&#8221;][et_pb_column type=&#8221;4_4&#8243; _builder_version=&#8221;4.16&#8243; global_colors_info=&#8221;{}&#8221;][et_pb_text _builder_version=&#8221;4.27.5&#8243; text_font=&#8221;Lato||||||||&#8221; text_text_color=&#8221;rgba(255,255,255,0.7)&#8221; text_font_size=&#8221;15px&#8221; link_font=&#8221;||||||||&#8221; link_text_color=&#8221;#ffffff&#8221; header_font=&#8221;||||||||&#8221; header_2_font=&#8221;|600||on|||||&#8221; header_2_font_size=&#8221;36px&#8221; header_3_font=&#8221;||on|on|||||&#8221; header_3_font_size=&#8221;23px&#8221; background_color=&#8221;#cbb178&#8243; text_orientation=&#8221;center&#8221; background_layout=&#8221;dark&#8221; custom_margin=&#8221;||30px||false|false&#8221; custom_margin_tablet=&#8221;40px|||&#8221; custom_margin_last_edited=&#8221;off|desktop&#8221; custom_padding=&#8221;25px|25px|25px|25px|false|false&#8221; custom_padding_tablet=&#8221;&#8221; custom_padding_phone=&#8221;&#8221; custom_padding_last_edited=&#8221;on|desktop&#8221; border_color_all=&#8221;#fa7f28&#8243; border_color_top=&#8221;#F9C546&#8243; locked=&#8221;off&#8221; global_colors_info=&#8221;{}&#8221;]<\/p>\n<h2>IN PRACTICE<\/h2>\n<p>[\/et_pb_text][\/et_pb_column][\/et_pb_row][et_pb_row column_structure=&#8221;1_3,1_3,1_3&#8243; use_custom_gutter=&#8221;on&#8221; _builder_version=&#8221;4.16&#8243; custom_margin=&#8221;0px||||false|false&#8221; custom_padding=&#8221;0px||2px||false|false&#8221; global_colors_info=&#8221;{}&#8221;][et_pb_column type=&#8221;1_3&#8243; _builder_version=&#8221;4.16&#8243; global_colors_info=&#8221;{}&#8221;][et_pb_image src=&#8221;https:\/\/camoz-cottarel-gachetperrin-chambery.notaires.fr\/en\/wp-content\/uploads\/2023\/01\/property-sale-agreement-solicitors-notaires-office.png&#8221; alt=&#8221;Compromis Promesse Vente Immobili\u00e8re Notaire Office&#8221; title_text=&#8221;compromis-promesse-vente-immobiliere-notaires-office&#8221; url=&#8221;\/differences-promesse-compromis-vente\/&#8221; align=&#8221;center&#8221; _builder_version=&#8221;4.17.3&#8243; background_color=&#8221;#b6153c&#8221; custom_padding=&#8221;8px||8px||false|false&#8221; global_colors_info=&#8221;{}&#8221;][\/et_pb_image][et_pb_text _builder_version=&#8221;4.27.5&#8243; custom_margin=&#8221;||||false|false&#8221; custom_padding=&#8221;||||false|false&#8221; global_colors_info=&#8221;{}&#8221; link_text_color__hover_enabled=&#8221;on|hover&#8221; link_text_color__hover=&#8221;#B60039&#8243;]<\/p>\n<h4 style=\"text-align: center;\"><a href=\"\/differences-promesse-compromis-vente\/\" alt=\"Promesse et compromis de vente\">Offer to sell and preliminary sales agreement<\/a><\/h4>\n<p>[\/et_pb_text][\/et_pb_column][et_pb_column type=&#8221;1_3&#8243; _builder_version=&#8221;4.16&#8243; global_colors_info=&#8221;{}&#8221;][et_pb_image src=&#8221;https:\/\/camoz-cottarel-gachetperrin-chambery.notaires.fr\/en\/wp-content\/uploads\/2020\/04\/notaires-office-calculate-borrowing-capacity.png&#8221; url=&#8221;https:\/\/www.anil.org\/outils\/outils-de-calcul\/diagnostic-de-financement\/&#8221; url_new_window=&#8221;on&#8221; align=&#8221;center&#8221; _builder_version=&#8221;4.17.3&#8243; background_color=&#8221;#cbb178&#8243; custom_padding=&#8221;8px||8px||false|false&#8221; global_colors_info=&#8221;{}&#8221;][\/et_pb_image][et_pb_text _builder_version=&#8221;4.27.5&#8243; custom_margin=&#8221;||||false|false&#8221; custom_padding=&#8221;||||false|false&#8221; global_colors_info=&#8221;{}&#8221;]<\/p>\n<h4 style=\"text-align: center;\"><a href=\"https:\/\/www.anil.org\/outils\/outils-de-calcul\/diagnostic-de-financement\/\" target=\"_blank\" rel=\"noopener noreferrer\">Check your borrowing capacity<\/a><\/h4>\n<p>[\/et_pb_text][\/et_pb_column][et_pb_column type=&#8221;1_3&#8243; _builder_version=&#8221;4.16&#8243; global_colors_info=&#8221;{}&#8221;][et_pb_image src=&#8221;https:\/\/camoz-cottarel-gachetperrin-chambery.notaires.fr\/en\/wp-content\/uploads\/2020\/04\/notaires-office-calculate-purchase-cost.png&#8221; url=&#8221;https:\/\/www.immobilier.notaires.fr\/fr\/frais-de-notaire&#8221; url_new_window=&#8221;on&#8221; align=&#8221;center&#8221; _builder_version=&#8221;4.17.3&#8243; background_color=&#8221;#b6153c&#8221; custom_padding=&#8221;8px||8px||false|false&#8221; global_colors_info=&#8221;{}&#8221;][\/et_pb_image][et_pb_text _builder_version=&#8221;4.27.5&#8243; custom_margin=&#8221;||||false|false&#8221; custom_padding=&#8221;||||false|false&#8221; global_colors_info=&#8221;{}&#8221;]<\/p>\n<h4 style=\"text-align: center;\"><a href=\"https:\/\/www.immobilier.notaires.fr\/fr\/frais-de-notaire\" target=\"_blank\" rel=\"noopener noreferrer\" title=\"Evaluer vos frais d'achat\">Estimate your purchasing costs<\/a><\/h4>\n<p>[\/et_pb_text][\/et_pb_column][\/et_pb_row][et_pb_row column_structure=&#8221;1_3,1_3,1_3&#8243; use_custom_gutter=&#8221;on&#8221; _builder_version=&#8221;4.16&#8243; custom_margin=&#8221;20px||||false|false&#8221; custom_padding=&#8221;0px||||false|false&#8221; global_colors_info=&#8221;{}&#8221;][et_pb_column type=&#8221;1_3&#8243; _builder_version=&#8221;4.16&#8243; global_colors_info=&#8221;{}&#8221;][et_pb_image src=&#8221;https:\/\/camoz-cottarel-gachetperrin-chambery.notaires.fr\/en\/wp-content\/uploads\/2020\/04\/notaires-office-repayments-loan.png&#8221; url=&#8221;https:\/\/www.anil.org\/outils\/outils-de-calcul\/echeancier-dun-pret\/&#8221; url_new_window=&#8221;on&#8221; align=&#8221;center&#8221; _builder_version=&#8221;4.17.3&#8243; background_color=&#8221;#cbb178&#8243; custom_padding=&#8221;8px||8px||false|false&#8221; global_colors_info=&#8221;{}&#8221;][\/et_pb_image][et_pb_text _builder_version=&#8221;4.27.5&#8243; custom_margin=&#8221;||||false|false&#8221; custom_padding=&#8221;||||false|false&#8221; global_colors_info=&#8221;{}&#8221;]<\/p>\n<h4 style=\"text-align: center;\"><a href=\"https:\/\/www.anil.org\/outils\/outils-de-calcul\/echeancier-dun-pret\/\" target=\"_blank\" rel=\"noopener noreferrer\">Calculate your loan repayments<\/a><\/h4>\n<p>[\/et_pb_text][\/et_pb_column][et_pb_column type=&#8221;1_3&#8243; _builder_version=&#8221;4.16&#8243; global_colors_info=&#8221;{}&#8221;][et_pb_image src=&#8221;https:\/\/camoz-cottarel-gachetperrin-chambery.notaires.fr\/en\/wp-content\/uploads\/2020\/04\/notaires-office-capital-gains-on-property.png&#8221; url=&#8221;http:\/\/plus-values.notaires.fr\/simulateur\/index.xhtml&#8221; url_new_window=&#8221;on&#8221; align=&#8221;center&#8221; _builder_version=&#8221;4.17.3&#8243; background_color=&#8221;#b6153c&#8221; custom_padding=&#8221;8px||8px||false|false&#8221; global_colors_info=&#8221;{}&#8221;][\/et_pb_image][et_pb_text _builder_version=&#8221;4.27.5&#8243; custom_margin=&#8221;||||false|false&#8221; custom_padding=&#8221;||||false|false&#8221; global_colors_info=&#8221;{}&#8221;]<\/p>\n<h4 style=\"text-align: center;\"><a href=\"http:\/\/plus-values.notaires.fr\/simulateur\/index.xhtml\" target=\"_blank\" rel=\"noopener noreferrer\">Calculate your capital gains on real estate<\/a><\/h4>\n<p>[\/et_pb_text][\/et_pb_column][et_pb_column type=&#8221;1_3&#8243; _builder_version=&#8221;4.16&#8243; global_colors_info=&#8221;{}&#8221;][et_pb_image src=&#8221;https:\/\/camoz-cottarel-gachetperrin-chambery.notaires.fr\/en\/wp-content\/uploads\/2023\/01\/sale-land-building-construction-property-notaires-office.png&#8221; alt=&#8221;Vente Terrain B\u00e2tir Construction Immobilier Notaires Office&#8221; title_text=&#8221;vente-terrain-batir-construction-immobilier&#8221; url=&#8221;\/achat-terrain-batir\/&#8221; align=&#8221;center&#8221; _builder_version=&#8221;4.17.3&#8243; background_color=&#8221;#cbb178&#8243; custom_padding=&#8221;8px||8px||false|false&#8221; global_colors_info=&#8221;{}&#8221;][\/et_pb_image][et_pb_text _builder_version=&#8221;4.27.5&#8243; custom_margin=&#8221;||||false|false&#8221; custom_padding=&#8221;||||false|false&#8221; global_colors_info=&#8221;{}&#8221;]<\/p>\n<h4 style=\"text-align: center;\"><a href=\"\/achat-terrain-batir\/\" alt=\"Acheter un terrain \u00e0 b\u00e2tir\">Buy a building plot<\/a><\/h4>\n<p>[\/et_pb_text][\/et_pb_column][\/et_pb_row][\/et_pb_section][et_pb_section fb_built=&#8221;1&#8243; disabled_on=&#8221;on|on|on&#8221; module_id=&#8221;conjoint&#8221; _builder_version=&#8221;4.16&#8243; custom_padding=&#8221;0px|0px|100px|0px|false|false&#8221; disabled=&#8221;on&#8221; global_colors_info=&#8221;{}&#8221;][et_pb_row use_custom_gutter=&#8221;on&#8221; gutter_width=&#8221;1&#8243; _builder_version=&#8221;4.16&#8243; custom_margin=&#8221;||0px||false|false&#8221; custom_padding=&#8221;||0px||false|false&#8221; global_colors_info=&#8221;{}&#8221;][et_pb_column type=&#8221;4_4&#8243; _builder_version=&#8221;4.16&#8243; global_colors_info=&#8221;{}&#8221;][et_pb_text _builder_version=&#8221;4.18.0&#8243; text_font=&#8221;Lato||||||||&#8221; text_text_color=&#8221;rgba(255,255,255,0.7)&#8221; text_font_size=&#8221;15px&#8221; link_font=&#8221;||||||||&#8221; link_text_color=&#8221;#ffffff&#8221; header_font=&#8221;||||||||&#8221; header_2_font=&#8221;|600||on|||||&#8221; header_2_text_align=&#8221;center&#8221; header_2_font_size=&#8221;36px&#8221; header_3_font=&#8221;||on|on|||||&#8221; header_3_text_align=&#8221;center&#8221; header_3_font_size=&#8221;23px&#8221; background_color=&#8221;#b60039&#8243; background_layout=&#8221;dark&#8221; custom_margin=&#8221;||30px||false|false&#8221; custom_margin_tablet=&#8221;40px|||&#8221; custom_margin_last_edited=&#8221;off|desktop&#8221; custom_padding=&#8221;25px|25px|25px|25px|false|false&#8221; custom_padding_tablet=&#8221;&#8221; custom_padding_phone=&#8221;&#8221; custom_padding_last_edited=&#8221;on|desktop&#8221; border_color_all=&#8221;#fa7f28&#8243; border_color_top=&#8221;#F9C546&#8243; locked=&#8221;off&#8221; global_colors_info=&#8221;{}&#8221;]<\/p>\n<h2>Le droit immobilier d\u00e9crypt\u00e9<\/h2>\n<h3>Des actualit\u00e9s r\u00e9guli\u00e8res sur des sujets du quotidien<\/h3>\n<p>[\/et_pb_text][\/et_pb_column][\/et_pb_row][et_pb_row make_equal=&#8221;on&#8221; _builder_version=&#8221;4.17.3&#8243; custom_margin=&#8221;0px||||false|false&#8221; custom_padding=&#8221;0px||||false|false&#8221; global_colors_info=&#8221;{}&#8221;][et_pb_column type=&#8221;4_4&#8243; _builder_version=&#8221;4.16&#8243; global_colors_info=&#8221;{}&#8221;][et_pb_blog fullwidth=&#8221;off&#8221; posts_number=&#8221;3&#8243; include_categories=&#8221;78&#8243; show_author=&#8221;off&#8221; show_date=&#8221;off&#8221; show_categories=&#8221;off&#8221; show_pagination=&#8221;off&#8221; use_overlay=&#8221;on&#8221; overlay_icon_color=&#8221;#CBB178&#8243; _builder_version=&#8221;4.18.0&#8243; _module_preset=&#8221;default&#8221; custom_margin=&#8221;||||false|false&#8221; custom_padding=&#8221;||||false|false&#8221; global_colors_info=&#8221;{}&#8221;][\/et_pb_blog][\/et_pb_column][\/et_pb_row][\/et_pb_section]<\/p>\n","protected":false},"excerpt":{"rendered":"<p>Property &#038; Real estate Services Assisting you with your projectsWe are certified TRV experts in property valuations according to the European TEGoVA standard. YOU WANT TO SELL, BUY OR TRANSFER REAL ESTATEQUESTIONS YOU MAY HAVE: Is it better to rent or buy? How should I prepare for my property purchase? We want to buy but [&hellip;]<\/p>\n","protected":false},"author":2,"featured_media":0,"parent":0,"menu_order":0,"comment_status":"closed","ping_status":"closed","template":"","meta":{"_acf_changed":false,"_et_pb_use_builder":"on","_et_pb_old_content":"","_et_gb_content_width":"","footnotes":""},"class_list":["post-32991","page","type-page","status-publish","hentry"],"acf":[],"_links":{"self":[{"href":"https:\/\/camoz-cottarel-gachetperrin-chambery.notaires.fr\/en\/wp-json\/wp\/v2\/pages\/32991","targetHints":{"allow":["GET"]}}],"collection":[{"href":"https:\/\/camoz-cottarel-gachetperrin-chambery.notaires.fr\/en\/wp-json\/wp\/v2\/pages"}],"about":[{"href":"https:\/\/camoz-cottarel-gachetperrin-chambery.notaires.fr\/en\/wp-json\/wp\/v2\/types\/page"}],"author":[{"embeddable":true,"href":"https:\/\/camoz-cottarel-gachetperrin-chambery.notaires.fr\/en\/wp-json\/wp\/v2\/users\/2"}],"replies":[{"embeddable":true,"href":"https:\/\/camoz-cottarel-gachetperrin-chambery.notaires.fr\/en\/wp-json\/wp\/v2\/comments?post=32991"}],"version-history":[{"count":0,"href":"https:\/\/camoz-cottarel-gachetperrin-chambery.notaires.fr\/en\/wp-json\/wp\/v2\/pages\/32991\/revisions"}],"wp:attachment":[{"href":"https:\/\/camoz-cottarel-gachetperrin-chambery.notaires.fr\/en\/wp-json\/wp\/v2\/media?parent=32991"}],"curies":[{"name":"wp","href":"https:\/\/api.w.org\/{rel}","templated":true}]}}