{"id":33160,"date":"2020-12-04T11:38:00","date_gmt":"2020-12-04T10:38:00","guid":{"rendered":"https:\/\/camoz-cottarel-gachetperrin-chambery.notaires.fr\/en\/?page_id=33160"},"modified":"2026-04-08T08:11:54","modified_gmt":"2026-04-08T06:11:54","slug":"local-authorities","status":"publish","type":"page","link":"https:\/\/camoz-cottarel-gachetperrin-chambery.notaires.fr\/en\/local-authorities\/","title":{"rendered":"Local authorities"},"content":{"rendered":"<p>[et_pb_section fb_built=&#8221;1&#8243; admin_label=&#8221;Hero section&#8221; _builder_version=&#8221;4.16&#8243; use_background_color_gradient=&#8221;on&#8221; background_color_gradient_stops=&#8221;rgba(150,105,97,0.33) 0%|rgba(15,0,0,0.39) 100%&#8221; background_color_gradient_overlays_image=&#8221;on&#8221; background_color_gradient_start=&#8221;rgba(150,105,97,0.33)&#8221; background_color_gradient_end=&#8221;rgba(15,0,0,0.39)&#8221; background_image=&#8221;https:\/\/camoz-cottarel-gachetperrin-chambery.notaires.fr\/en\/wp-content\/uploads\/2020\/12\/local-authority-services-notaires-office.jpg&#8221; custom_margin=&#8221;|||&#8221; custom_padding=&#8221;||||false|false&#8221; global_colors_info=&#8221;{}&#8221;][et_pb_row _builder_version=&#8221;4.16&#8243; max_width=&#8221;1440px&#8221; custom_margin=&#8221;15px||||false|false&#8221; custom_padding=&#8221;15px||||false|false&#8221; global_colors_info=&#8221;{}&#8221;][et_pb_column type=&#8221;4_4&#8243; admin_label=&#8221;Colonne de gauche&#8221; _builder_version=&#8221;4.16&#8243; custom_padding=&#8221;25px||25px||false|false&#8221; border_radii=&#8221;off||6px|6px|&#8221; global_colors_info=&#8221;{}&#8221; custom_padding__hover=&#8221;|||&#8221;][et_pb_text _builder_version=&#8221;4.27.5&#8243; text_font=&#8221;|600|||||||&#8221; text_text_color=&#8221;#ffffff&#8221; text_font_size=&#8221;16px&#8221; header_font=&#8221;|600||on|||||&#8221; header_text_color=&#8221;#ffffff&#8221; header_font_size=&#8221;40px&#8221; header_letter_spacing=&#8221;1px&#8221; header_line_height=&#8221;1.2em&#8221; header_2_font=&#8221;Open Sans||||||||&#8221; header_2_text_align=&#8221;center&#8221; header_2_text_color=&#8221;#ffffff&#8221; header_2_font_size=&#8221;24px&#8221; text_orientation=&#8221;center&#8221; module_alignment=&#8221;center&#8221; custom_margin=&#8221;||||false|false&#8221; custom_padding=&#8221;||||false|false&#8221; global_colors_info=&#8221;{}&#8221;]<\/p>\n<h1>Services for local authorities<\/h1>\n<h2>Assisting you with your projects<\/h2>\n<p>[\/et_pb_text][\/et_pb_column][\/et_pb_row][\/et_pb_section][et_pb_section fb_built=&#8221;1&#8243; module_id=&#8221;installation&#8221; _builder_version=&#8221;4.16&#8243; custom_padding=&#8221;54px|0px|100px|0px&#8221; global_colors_info=&#8221;{}&#8221;][et_pb_row column_structure=&#8221;2_5,3_5&#8243; make_equal=&#8221;on&#8221; disabled_on=&#8221;off|off|off&#8221; _builder_version=&#8221;4.16&#8243; module_alignment=&#8221;center&#8221; custom_margin=&#8221;0px||||false|false&#8221; custom_padding=&#8221;0px||||false|false&#8221; saved_tabs=&#8221;all&#8221; global_colors_info=&#8221;{}&#8221; theme_builder_area=&#8221;post_content&#8221;][et_pb_column type=&#8221;2_5&#8243; _builder_version=&#8221;4.16&#8243; custom_css_main_element=&#8221;margin:auto;&#8221; global_colors_info=&#8221;{}&#8221; theme_builder_area=&#8221;post_content&#8221;][et_pb_image src=&#8221;https:\/\/camoz-cottarel-gachetperrin-chambery.notaires.fr\/en\/wp-content\/uploads\/2026\/04\/conseil_personnes_publiques.jpg&#8221; alt=&#8221;Notaire Conseil des Personnes Publiques&#8221; title_text=&#8221;conseil_personnes_publiques&#8221; align=&#8221;right&#8221; align_tablet=&#8221;center&#8221; align_phone=&#8221;&#8221; align_last_edited=&#8221;on|tablet&#8221; _builder_version=&#8221;4.27.6&#8243; max_width=&#8221;20%&#8221; custom_margin=&#8221;6px||||false|false&#8221; custom_padding=&#8221;||0px|||&#8221; hover_enabled=&#8221;0&#8243; global_colors_info=&#8221;{}&#8221; theme_builder_area=&#8221;post_content&#8221; sticky_enabled=&#8221;0&#8243;][\/et_pb_image][\/et_pb_column][et_pb_column type=&#8221;3_5&#8243; _builder_version=&#8221;4.16&#8243; custom_css_main_element=&#8221;margin:auto;&#8221; global_colors_info=&#8221;{}&#8221; theme_builder_area=&#8221;post_content&#8221;][et_pb_text ul_type=&#8221;circle&#8221; ul_item_indent=&#8221;40px&#8221; content_phone=&#8221;<i>Nous sommes labellis\u00e9s Notaires Conseils aux Familles et nous sommes membre du r\u00e9seau Notaires au c\u0153ur des Familles.<\/i>&#8221; content_last_edited=&#8221;off|tablet&#8221; _builder_version=&#8221;4.27.6&#8243; text_font=&#8221;||on||||||&#8221; ul_font=&#8221;||||||||&#8221; ul_text_align=&#8221;left&#8221; ol_font=&#8221;||||||||&#8221; header_4_font=&#8221;Lato|600|||||||&#8221; custom_margin=&#8221;||||false|false&#8221; custom_padding=&#8221;||||false|false&#8221; hover_enabled=&#8221;0&#8243; text_orientation_tablet=&#8221;&#8221; text_orientation_phone=&#8221;center&#8221; text_orientation_last_edited=&#8221;on|phone&#8221; global_colors_info=&#8221;{}&#8221; theme_builder_area=&#8221;post_content&#8221; sticky_enabled=&#8221;0&#8243;]We are certified as Notaires Conseil des Personnes Publiques<\/p>\n<p>[\/et_pb_text][\/et_pb_column][\/et_pb_row][et_pb_row use_custom_gutter=&#8221;on&#8221; gutter_width=&#8221;1&#8243; _builder_version=&#8221;4.16&#8243; custom_margin=&#8221;||0px||false|false&#8221; custom_padding=&#8221;||0px||false|false&#8221; global_colors_info=&#8221;{}&#8221;][et_pb_column type=&#8221;4_4&#8243; _builder_version=&#8221;4.16&#8243; global_colors_info=&#8221;{}&#8221;][et_pb_text _builder_version=&#8221;4.27.5&#8243; text_font=&#8221;Lato||||||||&#8221; text_text_color=&#8221;rgba(255,255,255,0.7)&#8221; text_font_size=&#8221;15px&#8221; link_font=&#8221;||||||||&#8221; link_text_color=&#8221;#ffffff&#8221; header_font=&#8221;||||||||&#8221; header_2_font=&#8221;|600||on|||||&#8221; header_2_text_align=&#8221;center&#8221; header_2_font_size=&#8221;36px&#8221; header_3_font=&#8221;||on|on|||||&#8221; header_3_text_align=&#8221;center&#8221; header_3_font_size=&#8221;23px&#8221; background_color=&#8221;#b60039&#8243; background_layout=&#8221;dark&#8221; custom_margin=&#8221;||30px||false|false&#8221; custom_margin_tablet=&#8221;40px|||&#8221; custom_margin_last_edited=&#8221;off|desktop&#8221; custom_padding=&#8221;25px|25px|25px|25px|false|false&#8221; custom_padding_tablet=&#8221;&#8221; custom_padding_phone=&#8221;&#8221; custom_padding_last_edited=&#8221;on|desktop&#8221; border_color_all=&#8221;#fa7f28&#8243; border_color_top=&#8221;#F9C546&#8243; locked=&#8221;off&#8221; global_colors_info=&#8221;{}&#8221;]<\/p>\n<h2>You represent a local authority<\/p>\n<h3>and wish to increase the value of its assets<\/span><\/h3>\n<p>[\/et_pb_text][\/et_pb_column][\/et_pb_row][et_pb_row column_structure=&#8221;1_2,1_2&#8243; use_custom_gutter=&#8221;on&#8221; gutter_width=&#8221;1&#8243; _builder_version=&#8221;4.16&#8243; custom_margin=&#8221;0px||||false|false&#8221; custom_padding=&#8221;0px||||false|false&#8221; global_colors_info=&#8221;{}&#8221;][et_pb_column type=&#8221;1_2&#8243; _builder_version=&#8221;4.16&#8243; global_colors_info=&#8221;{}&#8221;][et_pb_text ul_type=&#8221;circle&#8221; ul_item_indent=&#8221;40px&#8221; _builder_version=&#8221;4.27.5&#8243; ul_font=&#8221;||||||||&#8221; ul_text_align=&#8221;left&#8221; ol_font=&#8221;||||||||&#8221; header_4_font=&#8221;|600|||||||&#8221; header_4_font_size=&#8221;17px&#8221; custom_padding=&#8221;50px|10px|||false|false&#8221; global_colors_info=&#8221;{}&#8221;]<\/p>\n<h4>QUESTIONS YOU MAY HAVE:<\/h4>\n<ul>\n<li>How can I find out the real value of the local authority&#8217;s property assets?<\/li>\n<li>What strategy should be implemented to maximise the value of these assets?<\/li>\n<li>Can a restructuring operation be carried out to create community facilities?<\/li>\n<\/ul>\n<p>&nbsp;<\/p>\n<h4>NOTAIRES OFFICE CAN HELP YOU BY:<\/h4>\n<ul>\n<li>Valuing the assets<\/li>\n<li>Drawing up an inventory of assets owned by the local authority<\/li>\n<li>Urban and rural land consolidation<\/li>\n<li>Sales at auction<\/li>\n<\/ul>\n<p>[\/et_pb_text][\/et_pb_column][et_pb_column type=&#8221;1_2&#8243; _builder_version=&#8221;4.16&#8243; global_colors_info=&#8221;{}&#8221;][et_pb_image src=&#8221;https:\/\/camoz-cottarel-gachetperrin-chambery.notaires.fr\/en\/wp-content\/uploads\/2022\/09\/local-authority-promoting-heritage-notaire-office.jpg&#8221; alt=&#8221;Local authority Promoting heritage  Notaires Office&#8221; title_text=&#8221;Local authority Promoting heritage  Notaires Office&#8221; align=&#8221;right&#8221; align_tablet=&#8221;center&#8221; align_phone=&#8221;center&#8221; align_last_edited=&#8221;on|tablet&#8221; _builder_version=&#8221;4.27.5&#8243; global_colors_info=&#8221;{}&#8221;][\/et_pb_image][\/et_pb_column][\/et_pb_row][\/et_pb_section][et_pb_section fb_built=&#8221;1&#8243; disabled_on=&#8221;on|on|on&#8221; module_id=&#8221;conjoint&#8221; _builder_version=&#8221;4.16&#8243; custom_padding=&#8221;0px|0px|100px|0px|false|false&#8221; disabled=&#8221;on&#8221; global_colors_info=&#8221;{}&#8221;][et_pb_row use_custom_gutter=&#8221;on&#8221; gutter_width=&#8221;1&#8243; _builder_version=&#8221;4.16&#8243; custom_margin=&#8221;||0px||false|false&#8221; custom_padding=&#8221;||0px||false|false&#8221; global_colors_info=&#8221;{}&#8221;][et_pb_column type=&#8221;4_4&#8243; _builder_version=&#8221;4.16&#8243; global_colors_info=&#8221;{}&#8221;][et_pb_text _builder_version=&#8221;4.18.0&#8243; text_font=&#8221;Lato||||||||&#8221; text_text_color=&#8221;rgba(255,255,255,0.7)&#8221; text_font_size=&#8221;15px&#8221; link_font=&#8221;||||||||&#8221; link_text_color=&#8221;#ffffff&#8221; header_font=&#8221;||||||||&#8221; header_2_font=&#8221;|600||on|||||&#8221; header_2_text_align=&#8221;center&#8221; header_2_font_size=&#8221;36px&#8221; header_3_font=&#8221;||on|on|||||&#8221; header_3_text_align=&#8221;center&#8221; header_3_font_size=&#8221;23px&#8221; background_color=&#8221;#b60039&#8243; background_layout=&#8221;dark&#8221; custom_margin=&#8221;||30px||false|false&#8221; custom_margin_tablet=&#8221;40px|||&#8221; custom_margin_last_edited=&#8221;off|desktop&#8221; custom_padding=&#8221;25px|25px|25px|25px|false|false&#8221; custom_padding_tablet=&#8221;&#8221; custom_padding_phone=&#8221;&#8221; custom_padding_last_edited=&#8221;on|desktop&#8221; border_color_all=&#8221;#fa7f28&#8243; border_color_top=&#8221;#F9C546&#8243; locked=&#8221;off&#8221; global_colors_info=&#8221;{}&#8221;]<\/p>\n<h2>Le droit des collectivit\u00e9s d\u00e9crypt\u00e9<\/h2>\n<h3>Des actualit\u00e9s r\u00e9guli\u00e8res sur des sujets du quotidien<\/h3>\n<p>[\/et_pb_text][\/et_pb_column][\/et_pb_row][et_pb_row make_equal=&#8221;on&#8221; _builder_version=&#8221;4.17.3&#8243; custom_margin=&#8221;0px||||false|false&#8221; custom_padding=&#8221;0px||||false|false&#8221; global_colors_info=&#8221;{}&#8221;][et_pb_column type=&#8221;4_4&#8243; _builder_version=&#8221;4.16&#8243; global_colors_info=&#8221;{}&#8221;][et_pb_blog fullwidth=&#8221;off&#8221; posts_number=&#8221;3&#8243; include_categories=&#8221;74&#8243; show_author=&#8221;off&#8221; show_date=&#8221;off&#8221; show_categories=&#8221;off&#8221; show_pagination=&#8221;off&#8221; use_overlay=&#8221;on&#8221; overlay_icon_color=&#8221;#CBB178&#8243; _builder_version=&#8221;4.18.0&#8243; _module_preset=&#8221;default&#8221; custom_margin=&#8221;||||false|false&#8221; custom_padding=&#8221;||||false|false&#8221; global_colors_info=&#8221;{}&#8221;][\/et_pb_blog][\/et_pb_column][\/et_pb_row][\/et_pb_section]<\/p>\n","protected":false},"excerpt":{"rendered":"<p>Services for local authorities Assisting you with your projectsWe are certified as Notaires Conseil des Personnes Publiques You represent a local authority and wish to increase the value of its assetsQUESTIONS YOU MAY HAVE: How can I find out the real value of the local authority&#8217;s property assets? What strategy should be implemented to maximise [&hellip;]<\/p>\n","protected":false},"author":2,"featured_media":0,"parent":0,"menu_order":0,"comment_status":"closed","ping_status":"closed","template":"","meta":{"_acf_changed":false,"_et_pb_use_builder":"on","_et_pb_old_content":"","_et_gb_content_width":"","footnotes":""},"class_list":["post-33160","page","type-page","status-publish","hentry"],"acf":[],"_links":{"self":[{"href":"https:\/\/camoz-cottarel-gachetperrin-chambery.notaires.fr\/en\/wp-json\/wp\/v2\/pages\/33160","targetHints":{"allow":["GET"]}}],"collection":[{"href":"https:\/\/camoz-cottarel-gachetperrin-chambery.notaires.fr\/en\/wp-json\/wp\/v2\/pages"}],"about":[{"href":"https:\/\/camoz-cottarel-gachetperrin-chambery.notaires.fr\/en\/wp-json\/wp\/v2\/types\/page"}],"author":[{"embeddable":true,"href":"https:\/\/camoz-cottarel-gachetperrin-chambery.notaires.fr\/en\/wp-json\/wp\/v2\/users\/2"}],"replies":[{"embeddable":true,"href":"https:\/\/camoz-cottarel-gachetperrin-chambery.notaires.fr\/en\/wp-json\/wp\/v2\/comments?post=33160"}],"version-history":[{"count":0,"href":"https:\/\/camoz-cottarel-gachetperrin-chambery.notaires.fr\/en\/wp-json\/wp\/v2\/pages\/33160\/revisions"}],"wp:attachment":[{"href":"https:\/\/camoz-cottarel-gachetperrin-chambery.notaires.fr\/en\/wp-json\/wp\/v2\/media?parent=33160"}],"curies":[{"name":"wp","href":"https:\/\/api.w.org\/{rel}","templated":true}]}}